{"id":2847,"date":"2019-10-08T07:19:02","date_gmt":"2019-10-08T07:19:02","guid":{"rendered":"https:\/\/nekstom.ee\/?post_type=product&#038;p=2847"},"modified":"2019-10-08T07:22:58","modified_gmt":"2019-10-08T07:22:58","slug":"tode-ja-oigus-i-osa","status":"publish","type":"product","link":"https:\/\/nekstom.ee\/en\/product\/tode-ja-oigus-i-osa\/","title":{"rendered":"T\u00d5DE JA \u00d5IGUS I OSA"},"content":{"rendered":"<p>&#8220;T\u00f5e ja \u00f5iguse&#8221; I osa audioraamatu plaadiesitlus oli 2013 aasta 1. m\u00e4rtsil. Audioraamatu koosneb 20 CD-plaadist. Raamatu luges Shark Stuudios sisse Meelis Kompus. Kujunduse autor on kunstnik Eveli Leego. 1964. aastal tr\u00fckitud raamatus on 550 lk teksti, siis audioraamatusse on loetud veidi \u00fcle 1300 minuti ehk 22 tundi.<\/p>\n<p>Helifailide formaat on WAV (Waveform Audio File Format).<\/p>\n<p><strong>Kogu raamatute m\u00fc\u00fcgist tagasitulev raha kogutakse \u201eT\u00f5e ja \u00f5iguse\u201c III osa audioraamatu v\u00e4ljaandmiseks.<\/strong><\/p>\n<p>Kahjuks j\u00e4i I osa plaatidelt puudu kestused, teeme need k\u00e4ttesaadavaks siin:<\/p>\n<table width=\"214\">\n<tbody>\n<tr>\n<td>Plaat nr 1<\/td>\n<td>64.45 minutit<\/td>\n<\/tr>\n<tr>\n<td>Plaat nr 2<\/td>\n<td>75.80 minutit<\/td>\n<\/tr>\n<tr>\n<td>Plaat nr 3<\/td>\n<td>78.24 minutit<\/td>\n<\/tr>\n<tr>\n<td>Plaat nr 4<\/td>\n<td>70.07 minutit<\/td>\n<\/tr>\n<tr>\n<td>Plaat nr 5<\/td>\n<td>33.65 minutit<\/td>\n<\/tr>\n<tr>\n<td>Plaat nr 6<\/td>\n<td>69.33 minutit<\/td>\n<\/tr>\n<tr>\n<td>Plaat nr 7<\/td>\n<td>52.29 minutit<\/td>\n<\/tr>\n<tr>\n<td>Plaat nr 8<\/td>\n<td>59.21 minutit<\/td>\n<\/tr>\n<tr>\n<td>Plaat nr 9<\/td>\n<td>64.92 minutit<\/td>\n<\/tr>\n<tr>\n<td>Plaat nr 10<\/td>\n<td>47.39 minutit<\/td>\n<\/tr>\n<\/tbody>\n<\/table>\n<table width=\"214\">\n<tbody>\n<tr>\n<td>Plaat nr 11<\/td>\n<td>63.51 minutit<\/td>\n<\/tr>\n<tr>\n<td>Plaat nr 12<\/td>\n<td>62.48 minutit<\/td>\n<\/tr>\n<tr>\n<td>Plaat nr 13<\/td>\n<td>52.44 minutit<\/td>\n<\/tr>\n<tr>\n<td>Plaat nr 14<\/td>\n<td>50.28 minutit<\/td>\n<\/tr>\n<tr>\n<td>Plaat nr 15<\/td>\n<td>76.13 minutit<\/td>\n<\/tr>\n<tr>\n<td>Plaat nr 16<\/td>\n<td>62.76 minutit<\/td>\n<\/tr>\n<tr>\n<td>Plaat nr 17<\/td>\n<td>36.38 minutit<\/td>\n<\/tr>\n<tr>\n<td>Plaat nr 18<\/td>\n<td>78.93 minutit<\/td>\n<\/tr>\n<tr>\n<td>Plaat nr 19<\/td>\n<td>53.97 minutit<\/td>\n<\/tr>\n<tr>\n<td>Plaat nr 20<\/td>\n<td>69.45 minutit<\/td>\n<\/tr>\n<\/tbody>\n<\/table>\n","protected":false},"excerpt":{"rendered":"<p>A.H. Tammsaare raamat \u201eT\u00f5de ja \u00f5igus\u201c I osa esmatr\u00fckk ilmus 1926 aastal. Raamat pajatab \u00fche pere ja k\u00fcla lugu ajast kui eestlased said 19 sajandi teisel poolel talumaad endale p\u00e4riseks osta. Kuidas peeti talu sellel ajal. Kuidas sooviti rabast p\u00f5llumaad juurde v\u00f5ita. Milliseks kujunesid selle suur t\u00f6\u00f6 tegemise juures suhte pereliikmete ja naabritega. Peategelasteks on naabrimehed Andres ja Pearu.<\/p>\n","protected":false},"featured_media":2848,"template":"","meta":{"inline_featured_image":false},"product_brand":[],"product_cat":[91],"product_tag":[],"class_list":{"0":"post-2847","1":"product","2":"type-product","3":"status-publish","4":"has-post-thumbnail","6":"product_cat-uncategorized-et","8":"first","9":"instock","10":"taxable","11":"shipping-taxable","12":"purchasable","13":"product-type-simple"},"aioseo_notices":[],"_links":{"self":[{"href":"https:\/\/nekstom.ee\/en\/wp-json\/wp\/v2\/product\/2847","targetHints":{"allow":["GET"]}}],"collection":[{"href":"https:\/\/nekstom.ee\/en\/wp-json\/wp\/v2\/product"}],"about":[{"href":"https:\/\/nekstom.ee\/en\/wp-json\/wp\/v2\/types\/product"}],"wp:featuredmedia":[{"embeddable":true,"href":"https:\/\/nekstom.ee\/en\/wp-json\/wp\/v2\/media\/2848"}],"wp:attachment":[{"href":"https:\/\/nekstom.ee\/en\/wp-json\/wp\/v2\/media?parent=2847"}],"wp:term":[{"taxonomy":"product_brand","embeddable":true,"href":"https:\/\/nekstom.ee\/en\/wp-json\/wp\/v2\/product_brand?post=2847"},{"taxonomy":"product_cat","embeddable":true,"href":"https:\/\/nekstom.ee\/en\/wp-json\/wp\/v2\/product_cat?post=2847"},{"taxonomy":"product_tag","embeddable":true,"href":"https:\/\/nekstom.ee\/en\/wp-json\/wp\/v2\/product_tag?post=2847"}],"curies":[{"name":"wp","href":"https:\/\/api.w.org\/{rel}","templated":true}]}}