{"id":2854,"date":"2020-03-30T06:10:12","date_gmt":"2020-03-30T06:10:12","guid":{"rendered":"https:\/\/nekstom.ee\/?post_type=product&#038;p=2854"},"modified":"2020-03-30T06:10:12","modified_gmt":"2020-03-30T06:10:12","slug":"tode-ja-oigus-ii-osa","status":"publish","type":"product","link":"https:\/\/nekstom.ee\/en\/product\/tode-ja-oigus-ii-osa\/","title":{"rendered":"T\u00d5DE JA \u00d5IGUS II OSA"},"content":{"rendered":"<p>Vargam\u00e4e perepoeg Indrek asub \u00f5ppima Mauruse kooli. Kuidas kujunesid Indreku ja h\u00e4rra Mauruse suhted? Kas nad m\u00f5istsid t\u00f5de \u00fchtemoodi? Mauruse poolt palgatud \u00f5petajad on k\u00f5ik omamoodi ja huvitava taustaga isikud ning nende \u00f5petamise meetodid on erilised. \u00dchel p\u00e4eval saab aga \u00f5pilasest kooliabiline- kuidagi tuli ju oma \u00f5ppimise eest tasuda. Indreku tutvus Ramildaga on noormehele t\u00f5sine katsumus.<\/p>\n","protected":false},"excerpt":{"rendered":"<p>&#8220;T\u00f5de ja \u00f5iguse&#8221; audioraamat sai j\u00e4rje 2014. aasta l\u00f5pus.<\/p>\n<p>Audioraamatute kogumiku II osa koosneb 14 CD-plaadist. Raamatu luges Shark Stuudios sisse Meelis Kompus. Kujunduse autor on kunstnik Eveli Leego.<\/p>\n<p>Helifailide formaat on WAV (Waveform Audio File Format).<\/p>\n<p><strong>Kogu raamatute m\u00fc\u00fcgist tagasitulev raha kogutakse \u201eT\u00f5e ja \u00f5iguse\u201c III osa audioraamatu v\u00e4ljaandmiseks.<\/strong><\/p>\n","protected":false},"featured_media":2856,"template":"","meta":{"inline_featured_image":false},"product_brand":[],"product_cat":[91],"product_tag":[],"class_list":{"0":"post-2854","1":"product","2":"type-product","3":"status-publish","4":"has-post-thumbnail","6":"product_cat-uncategorized-et","8":"first","9":"instock","10":"taxable","11":"shipping-taxable","12":"purchasable","13":"product-type-simple"},"aioseo_notices":[],"_links":{"self":[{"href":"https:\/\/nekstom.ee\/en\/wp-json\/wp\/v2\/product\/2854","targetHints":{"allow":["GET"]}}],"collection":[{"href":"https:\/\/nekstom.ee\/en\/wp-json\/wp\/v2\/product"}],"about":[{"href":"https:\/\/nekstom.ee\/en\/wp-json\/wp\/v2\/types\/product"}],"wp:featuredmedia":[{"embeddable":true,"href":"https:\/\/nekstom.ee\/en\/wp-json\/wp\/v2\/media\/2856"}],"wp:attachment":[{"href":"https:\/\/nekstom.ee\/en\/wp-json\/wp\/v2\/media?parent=2854"}],"wp:term":[{"taxonomy":"product_brand","embeddable":true,"href":"https:\/\/nekstom.ee\/en\/wp-json\/wp\/v2\/product_brand?post=2854"},{"taxonomy":"product_cat","embeddable":true,"href":"https:\/\/nekstom.ee\/en\/wp-json\/wp\/v2\/product_cat?post=2854"},{"taxonomy":"product_tag","embeddable":true,"href":"https:\/\/nekstom.ee\/en\/wp-json\/wp\/v2\/product_tag?post=2854"}],"curies":[{"name":"wp","href":"https:\/\/api.w.org\/{rel}","templated":true}]}}