{"id":2861,"date":"2020-03-30T06:14:39","date_gmt":"2020-03-30T06:14:39","guid":{"rendered":"https:\/\/nekstom.ee\/?post_type=product&#038;p=2861"},"modified":"2020-03-30T06:25:10","modified_gmt":"2020-03-30T06:25:10","slug":"tode-ja-oigus-iii-osa","status":"publish","type":"product","link":"https:\/\/nekstom.ee\/en\/product\/tode-ja-oigus-iii-osa\/","title":{"rendered":"T\u00d5DE JA \u00d5IGUS III OSA"},"content":{"rendered":"<p>Tegevus toimub revolutsiooniaastal 1905. Indrek tuleb Tallinna, \u00fc\u00fcrib agulis endale korteri ning hakkab valmistuma eksamite sooritamiseks. Aga mitmesugused inimesed t\u00f5mbavad Indreku revolutsiooniga seotud s\u00fcndmustesse, millest ta v\u00f5tab alguses osa huvi ja poolehoiuga. Sugeneb m\u00e4nguline suhe noore m\u00e4ssumeelse neiu Kristiga, kes on tema korteriperemehe t\u00fctar. P\u00e4rast rahva tulistamist Tallinnas Suurel turul kannab Indrek Kristi oma k\u00e4tel koju.<\/p>\n<p>Loeb Meelis Kompus.<br \/>\nAudioraamat koosneb 9 CD-plaadist.<\/p>\n","protected":false},"excerpt":{"rendered":"<p>Tegevus toimub revolutsiooniaastal 1905. Indrek tuleb Tallinna, \u00fc\u00fcrib agulis endale korteri ning hakkab valmistuma eksamite sooritamiseks. Aga mitmesugused inimesed t\u00f5mbavad Indreku revolutsiooniga seotud s\u00fcndmustesse, millest ta v\u00f5tab alguses osa huvi ja poolehoiuga. Sugeneb m\u00e4nguline suhe noore m\u00e4ssumeelse neiu Kristiga, kes on tema korteriperemehe t\u00fctar. P\u00e4rast rahva tulistamist Tallinnas Suurel turul kannab Indrek Kristi oma k\u00e4tel koju.<\/p>\n<p>Loeb Meelis Kompus.<br \/>\nAudioraamat koosneb 9 CD-plaadist.<\/p>\n","protected":false},"featured_media":2865,"template":"","meta":{"inline_featured_image":false},"product_brand":[],"product_cat":[91],"product_tag":[],"class_list":{"0":"post-2861","1":"product","2":"type-product","3":"status-publish","4":"has-post-thumbnail","6":"product_cat-uncategorized-et","8":"first","9":"instock","10":"taxable","11":"shipping-taxable","12":"purchasable","13":"product-type-simple"},"aioseo_notices":[],"_links":{"self":[{"href":"https:\/\/nekstom.ee\/en\/wp-json\/wp\/v2\/product\/2861","targetHints":{"allow":["GET"]}}],"collection":[{"href":"https:\/\/nekstom.ee\/en\/wp-json\/wp\/v2\/product"}],"about":[{"href":"https:\/\/nekstom.ee\/en\/wp-json\/wp\/v2\/types\/product"}],"wp:featuredmedia":[{"embeddable":true,"href":"https:\/\/nekstom.ee\/en\/wp-json\/wp\/v2\/media\/2865"}],"wp:attachment":[{"href":"https:\/\/nekstom.ee\/en\/wp-json\/wp\/v2\/media?parent=2861"}],"wp:term":[{"taxonomy":"product_brand","embeddable":true,"href":"https:\/\/nekstom.ee\/en\/wp-json\/wp\/v2\/product_brand?post=2861"},{"taxonomy":"product_cat","embeddable":true,"href":"https:\/\/nekstom.ee\/en\/wp-json\/wp\/v2\/product_cat?post=2861"},{"taxonomy":"product_tag","embeddable":true,"href":"https:\/\/nekstom.ee\/en\/wp-json\/wp\/v2\/product_tag?post=2861"}],"curies":[{"name":"wp","href":"https:\/\/api.w.org\/{rel}","templated":true}]}}