{"id":2869,"date":"2020-03-30T06:30:43","date_gmt":"2020-03-30T06:30:43","guid":{"rendered":"https:\/\/nekstom.ee\/?post_type=product&#038;p=2869"},"modified":"2020-03-30T06:30:43","modified_gmt":"2020-03-30T06:30:43","slug":"tode-ja-oigus-iv-osa","status":"publish","type":"product","link":"https:\/\/nekstom.ee\/en\/product\/tode-ja-oigus-iv-osa\/","title":{"rendered":"T\u00d5DE JA \u00d5IGUS IV OSA"},"content":{"rendered":"<p>Eesti Vabariik 1920. aastal. Indrek peab kooli\u00f5petaja ametit ning ta on loonud pere. Ta on abielus Kariniga, neil ka kaks t\u00fctart ning poeg, kes on varem surnud. Peres on teenijat\u00fcdrukuks Tiina, seesama vigaste jalgadega t\u00fcdruk, kellega Indrek kunagi abielluda lubas. N\u00fc\u00fcd on aga Indrek selle loo unustanud ega tunne t\u00e4iskasvanuks saanud Tiinat enam \u00e4ra. Karin oma naiseliku vaistudega hakkab Indrekut ja Tiinat ometigi mingis salasuhtes kahtlustama. Ta s\u00fc\u00fcdistab meest selles, et too ei armasta teda enam nii tuliselt kui mesin\u00e4dalatel. Poja surm ja erinevad ellusuhtumised viivad Indreku ja Karini abielu kriisini. Indrek on endasset\u00f5mbunud ja resigneerunud. Karin p\u00fc\u00fcab teda tegudele \u00e4rgitada mitmesuguste provokatsioonidega &#8211; k\u00fcll t\u00f5usiklikus seltskonnas teiste meestega flirtides, k\u00fcll rahaga m\u00e4ngides. L\u00f5puks haarab Indrekut pime viha, ta tulistab Karinit ning l\u00e4heb tapmiskatse s\u00fc\u00fcdistusega kohtu alla. Kohus karistab Indrekut \u00fcksnes tingimisi. Ta lahkub kohtusaalist, t\u00f5rjudes endast eemale Karini, kes siiski s\u00f6\u00f6stab talle j\u00e4rele, j\u00e4\u00e4b aga enne meheni j\u00f5udmist tammi alla. Indrek tunneb, et Karin on teda k\u00f5igest hoolimata armastanud rohkem, kui ta oli suutnud uskuda.<\/p>\n<p>Loeb Hele K\u00f5rve.<br \/>\nAudioraamat koosneb 18 CD-plaadist.<\/p>\n","protected":false},"excerpt":{"rendered":"<p>Eesti Vabariik 1920. aastal. Indrek peab kooli\u00f5petaja ametit ning ta on loonud pere. Ta on abielus Kariniga, neil ka kaks t\u00fctart ning &hellip;<\/p>\n","protected":false},"featured_media":2870,"template":"","meta":{"inline_featured_image":false},"product_brand":[],"product_cat":[15],"product_tag":[],"class_list":{"0":"post-2869","1":"product","2":"type-product","3":"status-publish","4":"has-post-thumbnail","6":"product_cat-uncategorized","8":"first","9":"instock","10":"taxable","11":"shipping-taxable","12":"purchasable","13":"product-type-simple"},"aioseo_notices":[],"_links":{"self":[{"href":"https:\/\/nekstom.ee\/en\/wp-json\/wp\/v2\/product\/2869","targetHints":{"allow":["GET"]}}],"collection":[{"href":"https:\/\/nekstom.ee\/en\/wp-json\/wp\/v2\/product"}],"about":[{"href":"https:\/\/nekstom.ee\/en\/wp-json\/wp\/v2\/types\/product"}],"wp:featuredmedia":[{"embeddable":true,"href":"https:\/\/nekstom.ee\/en\/wp-json\/wp\/v2\/media\/2870"}],"wp:attachment":[{"href":"https:\/\/nekstom.ee\/en\/wp-json\/wp\/v2\/media?parent=2869"}],"wp:term":[{"taxonomy":"product_brand","embeddable":true,"href":"https:\/\/nekstom.ee\/en\/wp-json\/wp\/v2\/product_brand?post=2869"},{"taxonomy":"product_cat","embeddable":true,"href":"https:\/\/nekstom.ee\/en\/wp-json\/wp\/v2\/product_cat?post=2869"},{"taxonomy":"product_tag","embeddable":true,"href":"https:\/\/nekstom.ee\/en\/wp-json\/wp\/v2\/product_tag?post=2869"}],"curies":[{"name":"wp","href":"https:\/\/api.w.org\/{rel}","templated":true}]}}